{"id":207,"date":"2025-06-07T22:42:28","date_gmt":"2025-06-07T20:42:28","guid":{"rendered":"https:\/\/opms.ovh\/?page_id=207"},"modified":"2025-06-07T22:43:41","modified_gmt":"2025-06-07T20:43:41","slug":"politique-de-confidentialite-2","status":"publish","type":"page","link":"https:\/\/opms.ovh\/index.php\/politique-de-confidentialite-2\/","title":{"rendered":"Politique de confidentialit\u00e9"},"content":{"rendered":"\n<h2 class=\"wp-block-heading\">G\u00e9n\u00e9ral <\/h2>\n\n\n\n<p><strong>Derni\u00e8re mise \u00e0 jour : <\/strong>7 juin 2025<\/p>\n\n\n\n<p>Sur notre site : http:\/\/opms.ovh. nous accordons une grande importance \u00e0 la confidentialit\u00e9 de vos donn\u00e9es personnelles. La pr\u00e9sente politique de confidentialit\u00e9 vous informe sur la mani\u00e8re dont nous collectons, utilisons, prot\u00e9geons et partageons vos informations personnelles. Cette politique peut \u00eatre modifi\u00e9e \u00e0 tout moment. Nous vous invitons \u00e0 la consulter r\u00e9guli\u00e8rement.<\/p>\n\n\n\n<h4 class=\"wp-block-heading\">Qui sommes-nous ? <\/h4>\n\n\n\n<p>Le site opms.ovh est \u00e9dit\u00e9 par&nbsp;<strong>OPMS<\/strong>, dont le si\u00e8ge est situ\u00e9 \u00e0&nbsp;<strong>52 QUAI SADI CARNOT 88100 SAINT-DIE-DES-VOSGES<\/strong>, immatricul\u00e9e sous le num\u00e9ro&nbsp;90463652900011.<br>Contact : olivierprestation@gmail.com <\/p>\n\n\n\n<h4 class=\"wp-block-heading\">Donn\u00e9es personnelles collect\u00e9es <\/h4>\n\n\n\n<p>Nous collectons uniquement les donn\u00e9es n\u00e9cessaires au bon fonctionnement de notre site et de nos services, notamment :<\/p>\n\n\n\n<ul class=\"wp-block-list\">\n<li>Nom, pr\u00e9nom<\/li>\n\n\n\n<li>Adresse e-mail<\/li>\n\n\n\n<li>Num\u00e9ro de t\u00e9l\u00e9phone <\/li>\n\n\n\n<li>Nom et adresse d&#8217;entreprise <\/li>\n\n\n\n<li>Adresse IP, type de navigateur, pages consult\u00e9es (via cookies)<\/li>\n<\/ul>\n\n\n\n<h4 class=\"wp-block-heading\">Utilisation des donn\u00e9es<\/h4>\n\n\n\n<p>Vos donn\u00e9es sont collect\u00e9es pour les finalit\u00e9s suivantes :<\/p>\n\n\n\n<ul class=\"wp-block-list\">\n<li>Traitement de vos demandes et devis<\/li>\n\n\n\n<li>R\u00e9ponse \u00e0 vos messages via formulaire de contact<\/li>\n\n\n\n<li>Respect des obligations l\u00e9gales<\/li>\n<\/ul>\n\n\n\n<h4 class=\"wp-block-heading\">Partage des donn\u00e9es et dur\u00e9e de conservation <\/h4>\n\n\n\n<p>Vos donn\u00e9es personnelles ne sont&nbsp;<strong>jamais vendues<\/strong>&nbsp;\u00e0 des tiers. Elles peuvent \u00eatre partag\u00e9es uniquement avec des prestataires techniques dans le strict cadre de l\u2019ex\u00e9cution de nos services.<br>Les donn\u00e9es sont conserv\u00e9es pendant la dur\u00e9e de la relation commerciale, puis archiv\u00e9es pendant&nbsp;<strong>5 ans<\/strong>&nbsp;\u00e0 des fins comptables et l\u00e9gales<\/p>\n\n\n\n<h4 class=\"wp-block-heading\">Vos droits<\/h4>\n\n\n\n<p>Conform\u00e9ment au RGPD, vous disposez des droits suivants :<\/p>\n\n\n\n<ul class=\"wp-block-list\">\n<li>Droit d\u2019acc\u00e8s, de rectification ou de suppression de vos donn\u00e9es<\/li>\n\n\n\n<li>Droit d\u2019opposition au traitement<\/li>\n\n\n\n<li>Droit \u00e0 la limitation ou \u00e0 la portabilit\u00e9 des donn\u00e9es<\/li>\n\n\n\n<li>Droit de retrait de votre consentement \u00e0 tout moment<\/li>\n<\/ul>\n\n\n\n<p>Pour exercer vos droits :  olivierprestationsecretariat@gmail.com<\/p>\n\n\n\n<p>Vous pouvez \u00e9galement introduire une r\u00e9clamation aupr\u00e8s de la CNIL :&nbsp;<a class=\"\" href=\"https:\/\/www.cnil.fr\/\">www.cnil.fr<\/a><\/p>\n","protected":false},"excerpt":{"rendered":"<p>G\u00e9n\u00e9ral Derni\u00e8re mise \u00e0 jour : 7 juin 2025 Sur notre site : http:\/\/opms.ovh. nous accordons une grande importance \u00e0 [&hellip;]<\/p>\n","protected":false},"author":1,"featured_media":0,"parent":0,"menu_order":0,"comment_status":"closed","ping_status":"closed","template":"","meta":{"site-sidebar-layout":"default","site-content-layout":"","ast-site-content-layout":"","site-content-style":"default","site-sidebar-style":"default","ast-global-header-display":"","ast-banner-title-visibility":"","ast-main-header-display":"","ast-hfb-above-header-display":"","ast-hfb-below-header-display":"","ast-hfb-mobile-header-display":"","site-post-title":"","ast-breadcrumbs-content":"","ast-featured-img":"","footer-sml-layout":"","theme-transparent-header-meta":"","adv-header-id-meta":"","stick-header-meta":"","header-above-stick-meta":"","header-main-stick-meta":"","header-below-stick-meta":"","astra-migrate-meta-layouts":"default","ast-page-background-enabled":"default","ast-page-background-meta":{"desktop":{"background-color":"var(--ast-global-color-5)","background-image":"","background-repeat":"repeat","background-position":"center center","background-size":"auto","background-attachment":"scroll","background-type":"","background-media":"","overlay-type":"","overlay-color":"","overlay-opacity":"","overlay-gradient":""},"tablet":{"background-color":"","background-image":"","background-repeat":"repeat","background-position":"center center","background-size":"auto","background-attachment":"scroll","background-type":"","background-media":"","overlay-type":"","overlay-color":"","overlay-opacity":"","overlay-gradient":""},"mobile":{"background-color":"","background-image":"","background-repeat":"repeat","background-position":"center center","background-size":"auto","background-attachment":"scroll","background-type":"","background-media":"","overlay-type":"","overlay-color":"","overlay-opacity":"","overlay-gradient":""}},"ast-content-background-meta":{"desktop":{"background-color":"var(--ast-global-color-4)","background-image":"","background-repeat":"repeat","background-position":"center center","background-size":"auto","background-attachment":"scroll","background-type":"","background-media":"","overlay-type":"","overlay-color":"","overlay-opacity":"","overlay-gradient":""},"tablet":{"background-color":"var(--ast-global-color-4)","background-image":"","background-repeat":"repeat","background-position":"center center","background-size":"auto","background-attachment":"scroll","background-type":"","background-media":"","overlay-type":"","overlay-color":"","overlay-opacity":"","overlay-gradient":""},"mobile":{"background-color":"var(--ast-global-color-4)","background-image":"","background-repeat":"repeat","background-position":"center center","background-size":"auto","background-attachment":"scroll","background-type":"","background-media":"","overlay-type":"","overlay-color":"","overlay-opacity":"","overlay-gradient":""}},"footnotes":""},"class_list":["post-207","page","type-page","status-publish","hentry"],"yoast_head":"<!-- This site is optimized with the Yoast SEO plugin v27.4 - https:\/\/yoast.com\/product\/yoast-seo-wordpress\/ -->\n<title>Politique de confidentialit\u00e9 - OPMS<\/title>\n<meta name=\"robots\" content=\"index, follow, max-snippet:-1, max-image-preview:large, max-video-preview:-1\" \/>\n<link rel=\"canonical\" href=\"https:\/\/opms.ovh\/index.php\/politique-de-confidentialite-2\/\" \/>\n<meta property=\"og:locale\" content=\"en_US\" \/>\n<meta property=\"og:type\" content=\"article\" \/>\n<meta property=\"og:title\" content=\"Politique de confidentialit\u00e9 - OPMS\" \/>\n<meta property=\"og:description\" content=\"G\u00e9n\u00e9ral Derni\u00e8re mise \u00e0 jour : 7 juin 2025 Sur notre site : http:\/\/opms.ovh. nous accordons une grande importance \u00e0 [&hellip;]\" \/>\n<meta property=\"og:url\" content=\"https:\/\/opms.ovh\/index.php\/politique-de-confidentialite-2\/\" \/>\n<meta property=\"og:site_name\" content=\"OPMS\" \/>\n<meta property=\"article:modified_time\" content=\"2025-06-07T20:43:41+00:00\" \/>\n<meta name=\"twitter:card\" content=\"summary_large_image\" \/>\n<meta name=\"twitter:label1\" content=\"Est. reading time\" \/>\n\t<meta name=\"twitter:data1\" content=\"2 minutes\" \/>\n<script type=\"application\/ld+json\" class=\"yoast-schema-graph\">{\"@context\":\"https:\\\/\\\/schema.org\",\"@graph\":[{\"@type\":\"WebPage\",\"@id\":\"https:\\\/\\\/opms.ovh\\\/index.php\\\/politique-de-confidentialite-2\\\/\",\"url\":\"https:\\\/\\\/opms.ovh\\\/index.php\\\/politique-de-confidentialite-2\\\/\",\"name\":\"Politique de confidentialit\u00e9 - OPMS\",\"isPartOf\":{\"@id\":\"https:\\\/\\\/opms.ovh\\\/#website\"},\"datePublished\":\"2025-06-07T20:42:28+00:00\",\"dateModified\":\"2025-06-07T20:43:41+00:00\",\"breadcrumb\":{\"@id\":\"https:\\\/\\\/opms.ovh\\\/index.php\\\/politique-de-confidentialite-2\\\/#breadcrumb\"},\"inLanguage\":\"en-US\",\"potentialAction\":[{\"@type\":\"ReadAction\",\"target\":[\"https:\\\/\\\/opms.ovh\\\/index.php\\\/politique-de-confidentialite-2\\\/\"]}]},{\"@type\":\"BreadcrumbList\",\"@id\":\"https:\\\/\\\/opms.ovh\\\/index.php\\\/politique-de-confidentialite-2\\\/#breadcrumb\",\"itemListElement\":[{\"@type\":\"ListItem\",\"position\":1,\"name\":\"Accueil\",\"item\":\"https:\\\/\\\/opms.ovh\\\/\"},{\"@type\":\"ListItem\",\"position\":2,\"name\":\"Politique de confidentialit\u00e9\"}]},{\"@type\":\"WebSite\",\"@id\":\"https:\\\/\\\/opms.ovh\\\/#website\",\"url\":\"https:\\\/\\\/opms.ovh\\\/\",\"name\":\"OPMS\",\"description\":\"Vos prestations en un clic\",\"publisher\":{\"@id\":\"https:\\\/\\\/opms.ovh\\\/#organization\"},\"potentialAction\":[{\"@type\":\"SearchAction\",\"target\":{\"@type\":\"EntryPoint\",\"urlTemplate\":\"https:\\\/\\\/opms.ovh\\\/?s={search_term_string}\"},\"query-input\":{\"@type\":\"PropertyValueSpecification\",\"valueRequired\":true,\"valueName\":\"search_term_string\"}}],\"inLanguage\":\"en-US\"},{\"@type\":\"Organization\",\"@id\":\"https:\\\/\\\/opms.ovh\\\/#organization\",\"name\":\"OPMS\",\"url\":\"https:\\\/\\\/opms.ovh\\\/\",\"logo\":{\"@type\":\"ImageObject\",\"inLanguage\":\"en-US\",\"@id\":\"https:\\\/\\\/opms.ovh\\\/#\\\/schema\\\/logo\\\/image\\\/\",\"url\":\"https:\\\/\\\/opms.ovh\\\/wp-content\\\/uploads\\\/2025\\\/05\\\/logo-pour-accueil-site-OPMS.webp\",\"contentUrl\":\"https:\\\/\\\/opms.ovh\\\/wp-content\\\/uploads\\\/2025\\\/05\\\/logo-pour-accueil-site-OPMS.webp\",\"width\":200,\"height\":100,\"caption\":\"OPMS\"},\"image\":{\"@id\":\"https:\\\/\\\/opms.ovh\\\/#\\\/schema\\\/logo\\\/image\\\/\"}}]}<\/script>\n<!-- \/ Yoast SEO plugin. -->","yoast_head_json":{"title":"Politique de confidentialit\u00e9 - OPMS","robots":{"index":"index","follow":"follow","max-snippet":"max-snippet:-1","max-image-preview":"max-image-preview:large","max-video-preview":"max-video-preview:-1"},"canonical":"https:\/\/opms.ovh\/index.php\/politique-de-confidentialite-2\/","og_locale":"en_US","og_type":"article","og_title":"Politique de confidentialit\u00e9 - OPMS","og_description":"G\u00e9n\u00e9ral Derni\u00e8re mise \u00e0 jour : 7 juin 2025 Sur notre site : http:\/\/opms.ovh. nous accordons une grande importance \u00e0 [&hellip;]","og_url":"https:\/\/opms.ovh\/index.php\/politique-de-confidentialite-2\/","og_site_name":"OPMS","article_modified_time":"2025-06-07T20:43:41+00:00","twitter_card":"summary_large_image","twitter_misc":{"Est. reading time":"2 minutes"},"schema":{"@context":"https:\/\/schema.org","@graph":[{"@type":"WebPage","@id":"https:\/\/opms.ovh\/index.php\/politique-de-confidentialite-2\/","url":"https:\/\/opms.ovh\/index.php\/politique-de-confidentialite-2\/","name":"Politique de confidentialit\u00e9 - OPMS","isPartOf":{"@id":"https:\/\/opms.ovh\/#website"},"datePublished":"2025-06-07T20:42:28+00:00","dateModified":"2025-06-07T20:43:41+00:00","breadcrumb":{"@id":"https:\/\/opms.ovh\/index.php\/politique-de-confidentialite-2\/#breadcrumb"},"inLanguage":"en-US","potentialAction":[{"@type":"ReadAction","target":["https:\/\/opms.ovh\/index.php\/politique-de-confidentialite-2\/"]}]},{"@type":"BreadcrumbList","@id":"https:\/\/opms.ovh\/index.php\/politique-de-confidentialite-2\/#breadcrumb","itemListElement":[{"@type":"ListItem","position":1,"name":"Accueil","item":"https:\/\/opms.ovh\/"},{"@type":"ListItem","position":2,"name":"Politique de confidentialit\u00e9"}]},{"@type":"WebSite","@id":"https:\/\/opms.ovh\/#website","url":"https:\/\/opms.ovh\/","name":"OPMS","description":"Vos prestations en un clic","publisher":{"@id":"https:\/\/opms.ovh\/#organization"},"potentialAction":[{"@type":"SearchAction","target":{"@type":"EntryPoint","urlTemplate":"https:\/\/opms.ovh\/?s={search_term_string}"},"query-input":{"@type":"PropertyValueSpecification","valueRequired":true,"valueName":"search_term_string"}}],"inLanguage":"en-US"},{"@type":"Organization","@id":"https:\/\/opms.ovh\/#organization","name":"OPMS","url":"https:\/\/opms.ovh\/","logo":{"@type":"ImageObject","inLanguage":"en-US","@id":"https:\/\/opms.ovh\/#\/schema\/logo\/image\/","url":"https:\/\/opms.ovh\/wp-content\/uploads\/2025\/05\/logo-pour-accueil-site-OPMS.webp","contentUrl":"https:\/\/opms.ovh\/wp-content\/uploads\/2025\/05\/logo-pour-accueil-site-OPMS.webp","width":200,"height":100,"caption":"OPMS"},"image":{"@id":"https:\/\/opms.ovh\/#\/schema\/logo\/image\/"}}]}},"_links":{"self":[{"href":"https:\/\/opms.ovh\/index.php\/wp-json\/wp\/v2\/pages\/207","targetHints":{"allow":["GET"]}}],"collection":[{"href":"https:\/\/opms.ovh\/index.php\/wp-json\/wp\/v2\/pages"}],"about":[{"href":"https:\/\/opms.ovh\/index.php\/wp-json\/wp\/v2\/types\/page"}],"author":[{"embeddable":true,"href":"https:\/\/opms.ovh\/index.php\/wp-json\/wp\/v2\/users\/1"}],"replies":[{"embeddable":true,"href":"https:\/\/opms.ovh\/index.php\/wp-json\/wp\/v2\/comments?post=207"}],"version-history":[{"count":2,"href":"https:\/\/opms.ovh\/index.php\/wp-json\/wp\/v2\/pages\/207\/revisions"}],"predecessor-version":[{"id":209,"href":"https:\/\/opms.ovh\/index.php\/wp-json\/wp\/v2\/pages\/207\/revisions\/209"}],"wp:attachment":[{"href":"https:\/\/opms.ovh\/index.php\/wp-json\/wp\/v2\/media?parent=207"}],"curies":[{"name":"wp","href":"https:\/\/api.w.org\/{rel}","templated":true}]}}