{"id":203,"date":"2025-06-07T22:11:12","date_gmt":"2025-06-07T20:11:12","guid":{"rendered":"https:\/\/opms.ovh\/?page_id=203"},"modified":"2025-06-07T22:49:53","modified_gmt":"2025-06-07T20:49:53","slug":"cookies","status":"publish","type":"page","link":"https:\/\/opms.ovh\/index.php\/cookies\/","title":{"rendered":"Cookies"},"content":{"rendered":"\n<h3 class=\"wp-block-heading\">G\u00e9n\u00e9ral<\/h3>\n\n\n\n<p>Lors de votre navigation sur notre site https:\/\/opms.ovh, des cookies sont susceptibles d\u2019\u00eatre d\u00e9pos\u00e9s sur votre terminal (ordinateur, mobile, tablette). Cette page a pour but de vous informer sur le fonctionnement de ces cookies, leur utilit\u00e9 et vos droits quant \u00e0 leur gestion.<\/p>\n\n\n\n<h4 class=\"wp-block-heading\">Qu&#8217;est-ce qu&#8217;un cookie ? <\/h4>\n\n\n\n<p>Un cookie est un petit fichier texte enregistr\u00e9 sur votre appareil lors de la visite d\u2019un site web. Il permet notamment de conserver des informations de navigation ou de pr\u00e9f\u00e9rences pour une dur\u00e9e d\u00e9termin\u00e9e.<\/p>\n\n\n\n<h4 class=\"wp-block-heading\">Quel type de cookies sont utilis\u00e9s ? <\/h4>\n\n\n\n<h6 class=\"wp-block-heading\">a)&nbsp;<strong>Cookies strictement n\u00e9cessaires<\/strong><\/h6>\n\n\n\n<p>Ces cookies sont indispensables au bon fonctionnement du site. Ils ne peuvent pas \u00eatre d\u00e9sactiv\u00e9s depuis nos syst\u00e8mes.<\/p>\n\n\n\n<p>Exemples :<\/p>\n\n\n\n<ul class=\"wp-block-list\">\n<li>Gestion de session<\/li>\n\n\n\n<li>Sauvegarde du panier<\/li>\n\n\n\n<li>S\u00e9curit\u00e9 et pr\u00e9vention des fraudes<\/li>\n<\/ul>\n\n\n\n<h6 class=\"wp-block-heading\">b)&nbsp;<strong>Cookies de performance et statistiques<\/strong><\/h6>\n\n\n\n<p>Ils nous permettent de mesurer l\u2019audience et d\u2019am\u00e9liorer les performances du site.<\/p>\n\n\n\n<p>Exemples :<\/p>\n\n\n\n<ul class=\"wp-block-list\">\n<li>Google Analytics<\/li>\n\n\n\n<li>Matomo<\/li>\n<\/ul>\n\n\n\n<h6 class=\"wp-block-heading\">c)&nbsp;<strong>Cookies de personnalisation<\/strong><\/h6>\n\n\n\n<p>Ces cookies m\u00e9morisent vos choix (langue, r\u00e9gion, pr\u00e9f\u00e9rences d\u2019affichage) pour am\u00e9liorer votre exp\u00e9rience utilisateur.<\/p>\n\n\n\n<h6 class=\"wp-block-heading\">d)&nbsp;<strong>Cookies marketing et publicitaires<\/strong><\/h6>\n\n\n\n<p>Ils sont utilis\u00e9s pour vous proposer des publicit\u00e9s cibl\u00e9es en fonction de votre navigation.<\/p>\n\n\n\n<p>Exemples :<\/p>\n\n\n\n<ul class=\"wp-block-list\">\n<li>Facebook Pixel<\/li>\n\n\n\n<li>Google Ads<\/li>\n\n\n\n<li>LinkedIn Insight Tag<\/li>\n<\/ul>\n\n\n\n<h2 class=\"wp-block-heading\">Gestion des pr\u00e9f\u00e9rences<\/h2>\n\n\n\n<p>Lors de votre premi\u00e8re visite sur notre site, un bandeau vous permet de&nbsp;<strong>param\u00e9trer vos pr\u00e9f\u00e9rences en mati\u00e8re de cookies<\/strong>. Vous pouvez :<\/p>\n\n\n\n<ul class=\"wp-block-list\">\n<li>Accepter tous les cookies<\/li>\n\n\n\n<li>Refuser tous les cookies non essentiels<\/li>\n\n\n\n<li>Personnaliser vos choix<\/li>\n<\/ul>\n\n\n\n<p>Vous pouvez \u00e0 tout moment\u00a0<strong>modifier ou retirer votre consentement<\/strong>. <\/p>\n\n\n\n<h4 class=\"wp-block-heading\">Dur\u00e9e de conservation et vos droits <\/h4>\n\n\n\n<p>Les cookies ont une dur\u00e9e de vie limit\u00e9e, fix\u00e9e \u00e0 un maximum de 13 mois apr\u00e8s leur d\u00e9p\u00f4t sur votre terminal. Au-del\u00e0, votre consentement sera \u00e0 nouveau sollicit\u00e9.<br>Conform\u00e9ment au R\u00e8glement G\u00e9n\u00e9ral sur la Protection des Donn\u00e9es (RGPD) et \u00e0 la loi &#8220;Informatique et Libert\u00e9s&#8221;, vous disposez des droits suivants :<\/p>\n\n\n\n<ul class=\"wp-block-list\">\n<li>Acc\u00e8s \u00e0 vos donn\u00e9es personnelles<\/li>\n\n\n\n<li>Rectification ou effacement<\/li>\n\n\n\n<li>Retrait du consentement<\/li>\n<\/ul>\n\n\n\n<p>Pour exercer vos droits, contactez-nous \u00e0 : olivierprestationsecretariat@gmail.com<\/p>\n\n\n\n<h4 class=\"wp-block-heading\">Contact <\/h4>\n\n\n\n<p>Pour toute question relative \u00e0 cette politique de cookies, vous pouvez nous contacter \u00e0 :<\/p>\n\n\n\n<p><strong>OPMS<\/strong><br>52 QUAI SADI CARNOT, 88100, SAINT-DI\u00c9-DES-VOSGES<br>olivierprestationsecretariat@gmail.com<\/p>\n\n\n\n<p><\/p>\n","protected":false},"excerpt":{"rendered":"<p>G\u00e9n\u00e9ral Lors de votre navigation sur notre site https:\/\/opms.ovh, des cookies sont susceptibles d\u2019\u00eatre d\u00e9pos\u00e9s sur votre terminal (ordinateur, mobile, [&hellip;]<\/p>\n","protected":false},"author":1,"featured_media":0,"parent":0,"menu_order":0,"comment_status":"closed","ping_status":"closed","template":"","meta":{"site-sidebar-layout":"default","site-content-layout":"","ast-site-content-layout":"","site-content-style":"default","site-sidebar-style":"default","ast-global-header-display":"","ast-banner-title-visibility":"","ast-main-header-display":"","ast-hfb-above-header-display":"","ast-hfb-below-header-display":"","ast-hfb-mobile-header-display":"","site-post-title":"","ast-breadcrumbs-content":"","ast-featured-img":"","footer-sml-layout":"","theme-transparent-header-meta":"","adv-header-id-meta":"","stick-header-meta":"","header-above-stick-meta":"","header-main-stick-meta":"","header-below-stick-meta":"","astra-migrate-meta-layouts":"default","ast-page-background-enabled":"default","ast-page-background-meta":{"desktop":{"background-color":"var(--ast-global-color-5)","background-image":"","background-repeat":"repeat","background-position":"center center","background-size":"auto","background-attachment":"scroll","background-type":"","background-media":"","overlay-type":"","overlay-color":"","overlay-opacity":"","overlay-gradient":""},"tablet":{"background-color":"","background-image":"","background-repeat":"repeat","background-position":"center center","background-size":"auto","background-attachment":"scroll","background-type":"","background-media":"","overlay-type":"","overlay-color":"","overlay-opacity":"","overlay-gradient":""},"mobile":{"background-color":"","background-image":"","background-repeat":"repeat","background-position":"center center","background-size":"auto","background-attachment":"scroll","background-type":"","background-media":"","overlay-type":"","overlay-color":"","overlay-opacity":"","overlay-gradient":""}},"ast-content-background-meta":{"desktop":{"background-color":"var(--ast-global-color-4)","background-image":"","background-repeat":"repeat","background-position":"center center","background-size":"auto","background-attachment":"scroll","background-type":"","background-media":"","overlay-type":"","overlay-color":"","overlay-opacity":"","overlay-gradient":""},"tablet":{"background-color":"var(--ast-global-color-4)","background-image":"","background-repeat":"repeat","background-position":"center center","background-size":"auto","background-attachment":"scroll","background-type":"","background-media":"","overlay-type":"","overlay-color":"","overlay-opacity":"","overlay-gradient":""},"mobile":{"background-color":"var(--ast-global-color-4)","background-image":"","background-repeat":"repeat","background-position":"center center","background-size":"auto","background-attachment":"scroll","background-type":"","background-media":"","overlay-type":"","overlay-color":"","overlay-opacity":"","overlay-gradient":""}},"footnotes":""},"class_list":["post-203","page","type-page","status-publish","hentry"],"yoast_head":"<!-- This site is optimized with the Yoast SEO plugin v27.4 - https:\/\/yoast.com\/product\/yoast-seo-wordpress\/ -->\n<title>Cookies - OPMS<\/title>\n<meta name=\"robots\" content=\"index, follow, max-snippet:-1, max-image-preview:large, max-video-preview:-1\" \/>\n<link rel=\"canonical\" href=\"https:\/\/opms.ovh\/index.php\/cookies\/\" \/>\n<meta property=\"og:locale\" content=\"en_US\" \/>\n<meta property=\"og:type\" content=\"article\" \/>\n<meta property=\"og:title\" content=\"Cookies - OPMS\" \/>\n<meta property=\"og:description\" content=\"G\u00e9n\u00e9ral Lors de votre navigation sur notre site https:\/\/opms.ovh, des cookies sont susceptibles d\u2019\u00eatre d\u00e9pos\u00e9s sur votre terminal (ordinateur, mobile, [&hellip;]\" \/>\n<meta property=\"og:url\" content=\"https:\/\/opms.ovh\/index.php\/cookies\/\" \/>\n<meta property=\"og:site_name\" content=\"OPMS\" \/>\n<meta property=\"article:modified_time\" content=\"2025-06-07T20:49:53+00:00\" \/>\n<meta name=\"twitter:card\" content=\"summary_large_image\" \/>\n<meta name=\"twitter:label1\" content=\"Est. reading time\" \/>\n\t<meta name=\"twitter:data1\" content=\"2 minutes\" \/>\n<script type=\"application\/ld+json\" class=\"yoast-schema-graph\">{\"@context\":\"https:\\\/\\\/schema.org\",\"@graph\":[{\"@type\":\"WebPage\",\"@id\":\"https:\\\/\\\/opms.ovh\\\/index.php\\\/cookies\\\/\",\"url\":\"https:\\\/\\\/opms.ovh\\\/index.php\\\/cookies\\\/\",\"name\":\"Cookies - OPMS\",\"isPartOf\":{\"@id\":\"https:\\\/\\\/opms.ovh\\\/#website\"},\"datePublished\":\"2025-06-07T20:11:12+00:00\",\"dateModified\":\"2025-06-07T20:49:53+00:00\",\"breadcrumb\":{\"@id\":\"https:\\\/\\\/opms.ovh\\\/index.php\\\/cookies\\\/#breadcrumb\"},\"inLanguage\":\"en-US\",\"potentialAction\":[{\"@type\":\"ReadAction\",\"target\":[\"https:\\\/\\\/opms.ovh\\\/index.php\\\/cookies\\\/\"]}]},{\"@type\":\"BreadcrumbList\",\"@id\":\"https:\\\/\\\/opms.ovh\\\/index.php\\\/cookies\\\/#breadcrumb\",\"itemListElement\":[{\"@type\":\"ListItem\",\"position\":1,\"name\":\"Accueil\",\"item\":\"https:\\\/\\\/opms.ovh\\\/\"},{\"@type\":\"ListItem\",\"position\":2,\"name\":\"Cookies\"}]},{\"@type\":\"WebSite\",\"@id\":\"https:\\\/\\\/opms.ovh\\\/#website\",\"url\":\"https:\\\/\\\/opms.ovh\\\/\",\"name\":\"OPMS\",\"description\":\"Vos prestations en un clic\",\"publisher\":{\"@id\":\"https:\\\/\\\/opms.ovh\\\/#organization\"},\"potentialAction\":[{\"@type\":\"SearchAction\",\"target\":{\"@type\":\"EntryPoint\",\"urlTemplate\":\"https:\\\/\\\/opms.ovh\\\/?s={search_term_string}\"},\"query-input\":{\"@type\":\"PropertyValueSpecification\",\"valueRequired\":true,\"valueName\":\"search_term_string\"}}],\"inLanguage\":\"en-US\"},{\"@type\":\"Organization\",\"@id\":\"https:\\\/\\\/opms.ovh\\\/#organization\",\"name\":\"OPMS\",\"url\":\"https:\\\/\\\/opms.ovh\\\/\",\"logo\":{\"@type\":\"ImageObject\",\"inLanguage\":\"en-US\",\"@id\":\"https:\\\/\\\/opms.ovh\\\/#\\\/schema\\\/logo\\\/image\\\/\",\"url\":\"https:\\\/\\\/opms.ovh\\\/wp-content\\\/uploads\\\/2025\\\/05\\\/logo-pour-accueil-site-OPMS.webp\",\"contentUrl\":\"https:\\\/\\\/opms.ovh\\\/wp-content\\\/uploads\\\/2025\\\/05\\\/logo-pour-accueil-site-OPMS.webp\",\"width\":200,\"height\":100,\"caption\":\"OPMS\"},\"image\":{\"@id\":\"https:\\\/\\\/opms.ovh\\\/#\\\/schema\\\/logo\\\/image\\\/\"}}]}<\/script>\n<!-- \/ Yoast SEO plugin. -->","yoast_head_json":{"title":"Cookies - OPMS","robots":{"index":"index","follow":"follow","max-snippet":"max-snippet:-1","max-image-preview":"max-image-preview:large","max-video-preview":"max-video-preview:-1"},"canonical":"https:\/\/opms.ovh\/index.php\/cookies\/","og_locale":"en_US","og_type":"article","og_title":"Cookies - OPMS","og_description":"G\u00e9n\u00e9ral Lors de votre navigation sur notre site https:\/\/opms.ovh, des cookies sont susceptibles d\u2019\u00eatre d\u00e9pos\u00e9s sur votre terminal (ordinateur, mobile, [&hellip;]","og_url":"https:\/\/opms.ovh\/index.php\/cookies\/","og_site_name":"OPMS","article_modified_time":"2025-06-07T20:49:53+00:00","twitter_card":"summary_large_image","twitter_misc":{"Est. reading time":"2 minutes"},"schema":{"@context":"https:\/\/schema.org","@graph":[{"@type":"WebPage","@id":"https:\/\/opms.ovh\/index.php\/cookies\/","url":"https:\/\/opms.ovh\/index.php\/cookies\/","name":"Cookies - OPMS","isPartOf":{"@id":"https:\/\/opms.ovh\/#website"},"datePublished":"2025-06-07T20:11:12+00:00","dateModified":"2025-06-07T20:49:53+00:00","breadcrumb":{"@id":"https:\/\/opms.ovh\/index.php\/cookies\/#breadcrumb"},"inLanguage":"en-US","potentialAction":[{"@type":"ReadAction","target":["https:\/\/opms.ovh\/index.php\/cookies\/"]}]},{"@type":"BreadcrumbList","@id":"https:\/\/opms.ovh\/index.php\/cookies\/#breadcrumb","itemListElement":[{"@type":"ListItem","position":1,"name":"Accueil","item":"https:\/\/opms.ovh\/"},{"@type":"ListItem","position":2,"name":"Cookies"}]},{"@type":"WebSite","@id":"https:\/\/opms.ovh\/#website","url":"https:\/\/opms.ovh\/","name":"OPMS","description":"Vos prestations en un clic","publisher":{"@id":"https:\/\/opms.ovh\/#organization"},"potentialAction":[{"@type":"SearchAction","target":{"@type":"EntryPoint","urlTemplate":"https:\/\/opms.ovh\/?s={search_term_string}"},"query-input":{"@type":"PropertyValueSpecification","valueRequired":true,"valueName":"search_term_string"}}],"inLanguage":"en-US"},{"@type":"Organization","@id":"https:\/\/opms.ovh\/#organization","name":"OPMS","url":"https:\/\/opms.ovh\/","logo":{"@type":"ImageObject","inLanguage":"en-US","@id":"https:\/\/opms.ovh\/#\/schema\/logo\/image\/","url":"https:\/\/opms.ovh\/wp-content\/uploads\/2025\/05\/logo-pour-accueil-site-OPMS.webp","contentUrl":"https:\/\/opms.ovh\/wp-content\/uploads\/2025\/05\/logo-pour-accueil-site-OPMS.webp","width":200,"height":100,"caption":"OPMS"},"image":{"@id":"https:\/\/opms.ovh\/#\/schema\/logo\/image\/"}}]}},"_links":{"self":[{"href":"https:\/\/opms.ovh\/index.php\/wp-json\/wp\/v2\/pages\/203","targetHints":{"allow":["GET"]}}],"collection":[{"href":"https:\/\/opms.ovh\/index.php\/wp-json\/wp\/v2\/pages"}],"about":[{"href":"https:\/\/opms.ovh\/index.php\/wp-json\/wp\/v2\/types\/page"}],"author":[{"embeddable":true,"href":"https:\/\/opms.ovh\/index.php\/wp-json\/wp\/v2\/users\/1"}],"replies":[{"embeddable":true,"href":"https:\/\/opms.ovh\/index.php\/wp-json\/wp\/v2\/comments?post=203"}],"version-history":[{"count":3,"href":"https:\/\/opms.ovh\/index.php\/wp-json\/wp\/v2\/pages\/203\/revisions"}],"predecessor-version":[{"id":213,"href":"https:\/\/opms.ovh\/index.php\/wp-json\/wp\/v2\/pages\/203\/revisions\/213"}],"wp:attachment":[{"href":"https:\/\/opms.ovh\/index.php\/wp-json\/wp\/v2\/media?parent=203"}],"curies":[{"name":"wp","href":"https:\/\/api.w.org\/{rel}","templated":true}]}}