{"id":201,"date":"2025-06-07T22:10:42","date_gmt":"2025-06-07T20:10:42","guid":{"rendered":"https:\/\/opms.ovh\/?page_id=201"},"modified":"2025-08-18T14:36:25","modified_gmt":"2025-08-18T12:36:25","slug":"mentions-legales","status":"publish","type":"page","link":"https:\/\/opms.ovh\/index.php\/mentions-legales\/","title":{"rendered":"Mentions L\u00e9gales"},"content":{"rendered":"\n<h4 class=\"wp-block-heading\">\u00c9diteur du site <\/h4>\n\n\n\n<p>Le pr\u00e9sent site est \u00e9dit\u00e9 par : <strong>OLIVIER PRESTATION MAINTENANCE SERVICES (OPMS)<\/strong> \/ SASU (Soci\u00e9t\u00e9 par actions simplifi\u00e9es unipersonnelle). <br>Adresse : 52 QUAI SADI CARNOT, 88100, SAINT-DI\u00c9-DES-VOSGES<br>E-mail : olivierprestationsecretariat@gmail.com<br>SIRET : 904 636 529 00011<br>Responsable de publication :&nbsp;<strong>Monsieur PROUST<\/strong>, en qualit\u00e9 de dirigeant. <\/p>\n\n\n\n<h4 class=\"wp-block-heading\">H\u00e9bergement du site <\/h4>\n\n\n\n<p>Le site est h\u00e9berg\u00e9 par :<strong> OVH<\/strong><br>Adresse du si\u00e8ge social : 2, rue Kellermann \u2014 59100 Roubaix \u2014 France<br>T\u00e9l\u00e9phone : +33 1 41 79 80 00<br>Site web : <a href=\"https:\/\/www.ovhcloud.com\/fr\">https:\/\/www.ovhcloud.com\/fr<\/a><\/p>\n\n\n\n<h4 class=\"wp-block-heading\">Propri\u00e9t\u00e9 intellectuelle <\/h4>\n\n\n\n<p>L\u2019ensemble du contenu du site (textes, images, logos, vid\u00e9os, etc.) est la propri\u00e9t\u00e9 exclusive de&nbsp;<strong>OLIVIER PRESTATION MAINTENANCE SERVICES<\/strong>, sauf mention contraire. Toute reproduction, distribution ou utilisation sans autorisation pr\u00e9alable \u00e9crite est strictement interdite.<\/p>\n\n\n\n<h4 class=\"wp-block-heading\">Protection des donn\u00e9es personnelles et cookies <\/h4>\n\n\n\n<p>Les informations collect\u00e9es via les formulaires ou lors de la navigation sont trait\u00e9es conform\u00e9ment au&nbsp;<strong>R\u00e8glement G\u00e9n\u00e9ral sur la Protection des Donn\u00e9es (RGPD)<\/strong>.<br>Finalit\u00e9 de traitement : <\/p>\n\n\n\n<ul class=\"wp-block-list\">\n<li>Gestion des demandes via le formulaire de contact<\/li>\n\n\n\n<li>Suivi de la relation client<\/li>\n\n\n\n<li>Statistiques de fr\u00e9quentation<\/li>\n<\/ul>\n\n\n\n<p>Responsable de traitement <\/p>\n\n\n\n<p><strong>OLIVIER PRESTATION MAINTENANCE SERVICES<\/strong>&nbsp;\u2013 olivierprestationsecretariat@gmail.com<br>Droit de l&#8217;utilisateur : <br>Conform\u00e9ment \u00e0 la loi Informatique et Libert\u00e9s du 6 janvier 1978 modifi\u00e9e et au RGPD, vous disposez d\u2019un droit d\u2019acc\u00e8s, de rectification, d\u2019effacement, d\u2019opposition et de portabilit\u00e9 de vos donn\u00e9es. Vous pouvez exercer ces droits en nous contactant \u00e0 : olivierprestationsecretariat@gmail.com<br>Le site peut \u00eatre amen\u00e9 \u00e0 utiliser des cookies \u00e0 des fins statistiques ou de fonctionnement.<br>Vous pouvez accepter ou refuser les cookies via le bandeau de gestion des pr\u00e9f\u00e9rences affich\u00e9 \u00e0 votre premi\u00e8re visite.<\/p>\n\n\n\n<h4 class=\"wp-block-heading\">Responsabilit\u00e9 et loi applicable <\/h4>\n\n\n\n<p><strong>OLIVIER PRESTATION MAINTENANCE SERVICES<\/strong>&nbsp;ne saurait \u00eatre tenu responsable des erreurs typographiques ou inexactitudes pr\u00e9sentes sur le site, ni des dommages r\u00e9sultant de son utilisation. Les liens hypertextes pr\u00e9sents sur le site peuvent mener \u00e0 des sites tiers. La responsabilit\u00e9 de OPMS ne saurait \u00eatre engag\u00e9e quant au contenu de ces sites.<br>Les pr\u00e9sentes mentions l\u00e9gales sont soumises au droit fran\u00e7ais. Tout litige relatif \u00e0 l\u2019utilisation du site sera soumis \u00e0 la comp\u00e9tence exclusive des tribunaux fran\u00e7ais.<\/p>\n","protected":false},"excerpt":{"rendered":"<p>\u00c9diteur du site Le pr\u00e9sent site est \u00e9dit\u00e9 par : OLIVIER PRESTATION MAINTENANCE SERVICES (OPMS) \/ SASU (Soci\u00e9t\u00e9 par actions [&hellip;]<\/p>\n","protected":false},"author":1,"featured_media":0,"parent":0,"menu_order":0,"comment_status":"closed","ping_status":"closed","template":"","meta":{"site-sidebar-layout":"default","site-content-layout":"","ast-site-content-layout":"","site-content-style":"default","site-sidebar-style":"default","ast-global-header-display":"","ast-banner-title-visibility":"","ast-main-header-display":"","ast-hfb-above-header-display":"","ast-hfb-below-header-display":"","ast-hfb-mobile-header-display":"","site-post-title":"","ast-breadcrumbs-content":"","ast-featured-img":"","footer-sml-layout":"","theme-transparent-header-meta":"","adv-header-id-meta":"","stick-header-meta":"","header-above-stick-meta":"","header-main-stick-meta":"","header-below-stick-meta":"","astra-migrate-meta-layouts":"default","ast-page-background-enabled":"default","ast-page-background-meta":{"desktop":{"background-color":"var(--ast-global-color-5)","background-image":"","background-repeat":"repeat","background-position":"center center","background-size":"auto","background-attachment":"scroll","background-type":"","background-media":"","overlay-type":"","overlay-color":"","overlay-opacity":"","overlay-gradient":""},"tablet":{"background-color":"","background-image":"","background-repeat":"repeat","background-position":"center center","background-size":"auto","background-attachment":"scroll","background-type":"","background-media":"","overlay-type":"","overlay-color":"","overlay-opacity":"","overlay-gradient":""},"mobile":{"background-color":"","background-image":"","background-repeat":"repeat","background-position":"center center","background-size":"auto","background-attachment":"scroll","background-type":"","background-media":"","overlay-type":"","overlay-color":"","overlay-opacity":"","overlay-gradient":""}},"ast-content-background-meta":{"desktop":{"background-color":"var(--ast-global-color-4)","background-image":"","background-repeat":"repeat","background-position":"center center","background-size":"auto","background-attachment":"scroll","background-type":"","background-media":"","overlay-type":"","overlay-color":"","overlay-opacity":"","overlay-gradient":""},"tablet":{"background-color":"var(--ast-global-color-4)","background-image":"","background-repeat":"repeat","background-position":"center center","background-size":"auto","background-attachment":"scroll","background-type":"","background-media":"","overlay-type":"","overlay-color":"","overlay-opacity":"","overlay-gradient":""},"mobile":{"background-color":"var(--ast-global-color-4)","background-image":"","background-repeat":"repeat","background-position":"center center","background-size":"auto","background-attachment":"scroll","background-type":"","background-media":"","overlay-type":"","overlay-color":"","overlay-opacity":"","overlay-gradient":""}},"footnotes":""},"class_list":["post-201","page","type-page","status-publish","hentry"],"yoast_head":"<!-- This site is optimized with the Yoast SEO plugin v27.4 - https:\/\/yoast.com\/product\/yoast-seo-wordpress\/ -->\n<title>Mentions L\u00e9gales - OPMS<\/title>\n<meta name=\"robots\" content=\"index, follow, max-snippet:-1, max-image-preview:large, max-video-preview:-1\" \/>\n<link rel=\"canonical\" href=\"https:\/\/opms.ovh\/index.php\/mentions-legales\/\" \/>\n<meta property=\"og:locale\" content=\"en_US\" \/>\n<meta property=\"og:type\" content=\"article\" \/>\n<meta property=\"og:title\" content=\"Mentions L\u00e9gales - OPMS\" \/>\n<meta property=\"og:description\" content=\"\u00c9diteur du site Le pr\u00e9sent site est \u00e9dit\u00e9 par : OLIVIER PRESTATION MAINTENANCE SERVICES (OPMS) \/ SASU (Soci\u00e9t\u00e9 par actions [&hellip;]\" \/>\n<meta property=\"og:url\" content=\"https:\/\/opms.ovh\/index.php\/mentions-legales\/\" \/>\n<meta property=\"og:site_name\" content=\"OPMS\" \/>\n<meta property=\"article:modified_time\" content=\"2025-08-18T12:36:25+00:00\" \/>\n<meta name=\"twitter:card\" content=\"summary_large_image\" \/>\n<meta name=\"twitter:label1\" content=\"Est. reading time\" \/>\n\t<meta name=\"twitter:data1\" content=\"2 minutes\" \/>\n<script type=\"application\/ld+json\" class=\"yoast-schema-graph\">{\"@context\":\"https:\\\/\\\/schema.org\",\"@graph\":[{\"@type\":\"WebPage\",\"@id\":\"https:\\\/\\\/opms.ovh\\\/index.php\\\/mentions-legales\\\/\",\"url\":\"https:\\\/\\\/opms.ovh\\\/index.php\\\/mentions-legales\\\/\",\"name\":\"Mentions L\u00e9gales - OPMS\",\"isPartOf\":{\"@id\":\"https:\\\/\\\/opms.ovh\\\/#website\"},\"datePublished\":\"2025-06-07T20:10:42+00:00\",\"dateModified\":\"2025-08-18T12:36:25+00:00\",\"breadcrumb\":{\"@id\":\"https:\\\/\\\/opms.ovh\\\/index.php\\\/mentions-legales\\\/#breadcrumb\"},\"inLanguage\":\"en-US\",\"potentialAction\":[{\"@type\":\"ReadAction\",\"target\":[\"https:\\\/\\\/opms.ovh\\\/index.php\\\/mentions-legales\\\/\"]}]},{\"@type\":\"BreadcrumbList\",\"@id\":\"https:\\\/\\\/opms.ovh\\\/index.php\\\/mentions-legales\\\/#breadcrumb\",\"itemListElement\":[{\"@type\":\"ListItem\",\"position\":1,\"name\":\"Accueil\",\"item\":\"https:\\\/\\\/opms.ovh\\\/\"},{\"@type\":\"ListItem\",\"position\":2,\"name\":\"Mentions L\u00e9gales\"}]},{\"@type\":\"WebSite\",\"@id\":\"https:\\\/\\\/opms.ovh\\\/#website\",\"url\":\"https:\\\/\\\/opms.ovh\\\/\",\"name\":\"OPMS\",\"description\":\"Vos prestations en un clic\",\"publisher\":{\"@id\":\"https:\\\/\\\/opms.ovh\\\/#organization\"},\"potentialAction\":[{\"@type\":\"SearchAction\",\"target\":{\"@type\":\"EntryPoint\",\"urlTemplate\":\"https:\\\/\\\/opms.ovh\\\/?s={search_term_string}\"},\"query-input\":{\"@type\":\"PropertyValueSpecification\",\"valueRequired\":true,\"valueName\":\"search_term_string\"}}],\"inLanguage\":\"en-US\"},{\"@type\":\"Organization\",\"@id\":\"https:\\\/\\\/opms.ovh\\\/#organization\",\"name\":\"OPMS\",\"url\":\"https:\\\/\\\/opms.ovh\\\/\",\"logo\":{\"@type\":\"ImageObject\",\"inLanguage\":\"en-US\",\"@id\":\"https:\\\/\\\/opms.ovh\\\/#\\\/schema\\\/logo\\\/image\\\/\",\"url\":\"https:\\\/\\\/opms.ovh\\\/wp-content\\\/uploads\\\/2025\\\/05\\\/logo-pour-accueil-site-OPMS.webp\",\"contentUrl\":\"https:\\\/\\\/opms.ovh\\\/wp-content\\\/uploads\\\/2025\\\/05\\\/logo-pour-accueil-site-OPMS.webp\",\"width\":200,\"height\":100,\"caption\":\"OPMS\"},\"image\":{\"@id\":\"https:\\\/\\\/opms.ovh\\\/#\\\/schema\\\/logo\\\/image\\\/\"}}]}<\/script>\n<!-- \/ Yoast SEO plugin. -->","yoast_head_json":{"title":"Mentions L\u00e9gales - OPMS","robots":{"index":"index","follow":"follow","max-snippet":"max-snippet:-1","max-image-preview":"max-image-preview:large","max-video-preview":"max-video-preview:-1"},"canonical":"https:\/\/opms.ovh\/index.php\/mentions-legales\/","og_locale":"en_US","og_type":"article","og_title":"Mentions L\u00e9gales - OPMS","og_description":"\u00c9diteur du site Le pr\u00e9sent site est \u00e9dit\u00e9 par : OLIVIER PRESTATION MAINTENANCE SERVICES (OPMS) \/ SASU (Soci\u00e9t\u00e9 par actions [&hellip;]","og_url":"https:\/\/opms.ovh\/index.php\/mentions-legales\/","og_site_name":"OPMS","article_modified_time":"2025-08-18T12:36:25+00:00","twitter_card":"summary_large_image","twitter_misc":{"Est. reading time":"2 minutes"},"schema":{"@context":"https:\/\/schema.org","@graph":[{"@type":"WebPage","@id":"https:\/\/opms.ovh\/index.php\/mentions-legales\/","url":"https:\/\/opms.ovh\/index.php\/mentions-legales\/","name":"Mentions L\u00e9gales - OPMS","isPartOf":{"@id":"https:\/\/opms.ovh\/#website"},"datePublished":"2025-06-07T20:10:42+00:00","dateModified":"2025-08-18T12:36:25+00:00","breadcrumb":{"@id":"https:\/\/opms.ovh\/index.php\/mentions-legales\/#breadcrumb"},"inLanguage":"en-US","potentialAction":[{"@type":"ReadAction","target":["https:\/\/opms.ovh\/index.php\/mentions-legales\/"]}]},{"@type":"BreadcrumbList","@id":"https:\/\/opms.ovh\/index.php\/mentions-legales\/#breadcrumb","itemListElement":[{"@type":"ListItem","position":1,"name":"Accueil","item":"https:\/\/opms.ovh\/"},{"@type":"ListItem","position":2,"name":"Mentions L\u00e9gales"}]},{"@type":"WebSite","@id":"https:\/\/opms.ovh\/#website","url":"https:\/\/opms.ovh\/","name":"OPMS","description":"Vos prestations en un clic","publisher":{"@id":"https:\/\/opms.ovh\/#organization"},"potentialAction":[{"@type":"SearchAction","target":{"@type":"EntryPoint","urlTemplate":"https:\/\/opms.ovh\/?s={search_term_string}"},"query-input":{"@type":"PropertyValueSpecification","valueRequired":true,"valueName":"search_term_string"}}],"inLanguage":"en-US"},{"@type":"Organization","@id":"https:\/\/opms.ovh\/#organization","name":"OPMS","url":"https:\/\/opms.ovh\/","logo":{"@type":"ImageObject","inLanguage":"en-US","@id":"https:\/\/opms.ovh\/#\/schema\/logo\/image\/","url":"https:\/\/opms.ovh\/wp-content\/uploads\/2025\/05\/logo-pour-accueil-site-OPMS.webp","contentUrl":"https:\/\/opms.ovh\/wp-content\/uploads\/2025\/05\/logo-pour-accueil-site-OPMS.webp","width":200,"height":100,"caption":"OPMS"},"image":{"@id":"https:\/\/opms.ovh\/#\/schema\/logo\/image\/"}}]}},"_links":{"self":[{"href":"https:\/\/opms.ovh\/index.php\/wp-json\/wp\/v2\/pages\/201","targetHints":{"allow":["GET"]}}],"collection":[{"href":"https:\/\/opms.ovh\/index.php\/wp-json\/wp\/v2\/pages"}],"about":[{"href":"https:\/\/opms.ovh\/index.php\/wp-json\/wp\/v2\/types\/page"}],"author":[{"embeddable":true,"href":"https:\/\/opms.ovh\/index.php\/wp-json\/wp\/v2\/users\/1"}],"replies":[{"embeddable":true,"href":"https:\/\/opms.ovh\/index.php\/wp-json\/wp\/v2\/comments?post=201"}],"version-history":[{"count":3,"href":"https:\/\/opms.ovh\/index.php\/wp-json\/wp\/v2\/pages\/201\/revisions"}],"predecessor-version":[{"id":506,"href":"https:\/\/opms.ovh\/index.php\/wp-json\/wp\/v2\/pages\/201\/revisions\/506"}],"wp:attachment":[{"href":"https:\/\/opms.ovh\/index.php\/wp-json\/wp\/v2\/media?parent=201"}],"curies":[{"name":"wp","href":"https:\/\/api.w.org\/{rel}","templated":true}]}}