{"id":198,"date":"2025-06-07T22:10:02","date_gmt":"2025-06-07T20:10:02","guid":{"rendered":"https:\/\/opms.ovh\/?page_id=198"},"modified":"2025-08-19T16:33:43","modified_gmt":"2025-08-19T14:33:43","slug":"conditions-generales-dutilisation","status":"publish","type":"page","link":"https:\/\/opms.ovh\/index.php\/conditions-generales-dutilisation\/","title":{"rendered":"Conditions G\u00e9n\u00e9rales d&#8217;Utilisation"},"content":{"rendered":"\t\t<div data-elementor-type=\"wp-page\" data-elementor-id=\"198\" class=\"elementor elementor-198\" data-elementor-settings=\"{&quot;ha_cmc_init_switcher&quot;:&quot;no&quot;}\">\n\t\t\t\t<div class=\"elementor-element elementor-element-31a1355e e-flex e-con-boxed e-con e-parent\" data-id=\"31a1355e\" data-element_type=\"container\" data-e-type=\"container\" data-settings=\"{&quot;_ha_eqh_enable&quot;:false}\">\n\t\t\t\t\t<div class=\"e-con-inner\">\n\t\t\t\t<div class=\"elementor-element elementor-element-6f61d27a elementor-widget elementor-widget-text-editor\" data-id=\"6f61d27a\" data-element_type=\"widget\" data-e-type=\"widget\" data-widget_type=\"text-editor.default\">\n\t\t\t\t<div class=\"elementor-widget-container\">\n\t\t\t\t\t\t\t\t\t\n<h3 class=\"wp-block-heading\">Conditions G\u00e9n\u00e9rales d&#8217;Utilisation (CGU)<\/h3>\n\n<p><br \/><strong>Date de derni\u00e8re mise \u00e0 jour : 7 juin 2025. <\/strong><br \/>Bienvenue sur le site\u00a0<strong>opms.ovh<\/strong>\u00a0(ci-apr\u00e8s le \u00ab site \u00bb). L\u2019acc\u00e8s et l\u2019utilisation de ce site sont soumis aux pr\u00e9sentes Conditions G\u00e9n\u00e9rales d\u2019Utilisation (CGU), que vous acceptez pleinement en naviguant sur le site. OPMS se r\u00e9serve le droit de modifier les pr\u00e9sentes CGU \u00e0 tout moment. L\u2019utilisateur est invit\u00e9 \u00e0 les consulter r\u00e9guli\u00e8rement. Les pr\u00e9sentes CGU sont soumises au droit fran\u00e7ais. En cas de litige, les tribunaux comp\u00e9tents seront ceux du ressort du si\u00e8ge social de l\u2019\u00e9diteur du site.<\/p>\n\n<h4 class=\"wp-block-heading\">Informations l\u00e9gales<\/h4>\n\n<p>Le site est \u00e9dit\u00e9 par <strong>OPMS<\/strong><br \/>Adresse : 52 Quai Sadi Carnot, 88100, Saint-Di\u00e9-des-Vosges<br \/>SIRET : n\u00b0904\u202f636\u202f529\u202f00011<br \/>Responsable de la publication : PROUST<br \/>Contact : olivierprestation@gmail.com<\/p>\n\n<p>H\u00e9bergeur :<br \/><strong>OVH<\/strong><br \/>Adresse : 2 rue Kellermann, 59100 Roubaix, France<br \/>T\u00e9l\u00e9phone : 08\u202f203\u202f203\u202f63<\/p>\n\n<h4 class=\"wp-block-heading\">Objet et acceptation des CGU<\/h4>\n\n<p>Les pr\u00e9sentes CGU ont pour objet de d\u00e9finir les modalit\u00e9s d\u2019acc\u00e8s et d\u2019utilisation du site par l\u2019utilisateur. En acc\u00e9dant au site, l\u2019utilisateur reconna\u00eet avoir pris connaissance des pr\u00e9sentes CGU et les accepter sans r\u00e9serve.<\/p>\n\n<h4 class=\"wp-block-heading\">Acc\u00e8s au site<\/h4>\n\n<p>Le site est accessible 24h\/24 et 7j\/7, sauf interruption pour maintenance ou cas de force majeure.\u00a0OPMS s\u2019efforce de garantir l\u2019accessibilit\u00e9 du site, sans obligation de r\u00e9sultat.<\/p>\n\n<h4 class=\"wp-block-heading\">Propri\u00e9t\u00e9 intellectuelle<\/h4>\n\n<p>Tous les contenus pr\u00e9sents sur le site (textes, images, logos, marques, etc.) sont la propri\u00e9t\u00e9 exclusive de\u00a0OPMS ou de ses partenaires. Toute reproduction, distribution ou utilisation sans autorisation est <strong>strictement interdite<\/strong>.<\/p>\n\n<h4 class=\"wp-block-heading\">Donn\u00e9es personnelles<\/h4>\n\n<p>Des donn\u00e9es personnelles peuvent \u00eatre collect\u00e9es (ex : via formulaire de contact). Elles sont trait\u00e9es dans le respect de la r\u00e9glementation en vigueur (RGPD).<br \/>Pour plus d\u2019informations, consultez notre\u00a0<a class=\"\" href=\"#\">Politique de confidentialit\u00e9<\/a>.<\/p>\n\n<h4 class=\"wp-block-heading\">Responsabilit\u00e9s<\/h4>\n\n<p>L\u2019utilisateur s\u2019engage \u00e0 utiliser le site conform\u00e9ment \u00e0 la l\u00e9gislation. OPMS ne peut \u00eatre tenu responsable des dommages directs ou indirects r\u00e9sultant de l\u2019utilisation du site ou de l\u2019impossibilit\u00e9 d\u2019y acc\u00e9der.<\/p>\n\n<h4 class=\"wp-block-heading\">Liens hypertextes<\/h4>\n\n<p>Le site peut contenir des liens vers d\u2019autres sites.\u00a0OPMS d\u00e9cline toute responsabilit\u00e9 concernant le contenu de ces sites externes.<\/p>\n\n<p>\u00a0<\/p>\n\t\t\t\t\t\t\t\t<\/div>\n\t\t\t\t<\/div>\n\t\t\t\t\t<\/div>\n\t\t\t\t<\/div>\n\t\t\t\t<\/div>\n\t\t","protected":false},"excerpt":{"rendered":"<p>Conditions G\u00e9n\u00e9rales d&#8217;Utilisation (CGU) Date de derni\u00e8re mise \u00e0 jour : 7 juin 2025. Bienvenue sur le site\u00a0opms.ovh\u00a0(ci-apr\u00e8s le \u00ab [&hellip;]<\/p>\n","protected":false},"author":1,"featured_media":0,"parent":0,"menu_order":0,"comment_status":"closed","ping_status":"closed","template":"","meta":{"site-sidebar-layout":"default","site-content-layout":"","ast-site-content-layout":"","site-content-style":"default","site-sidebar-style":"default","ast-global-header-display":"","ast-banner-title-visibility":"","ast-main-header-display":"","ast-hfb-above-header-display":"","ast-hfb-below-header-display":"","ast-hfb-mobile-header-display":"","site-post-title":"","ast-breadcrumbs-content":"","ast-featured-img":"","footer-sml-layout":"","theme-transparent-header-meta":"","adv-header-id-meta":"","stick-header-meta":"","header-above-stick-meta":"","header-main-stick-meta":"","header-below-stick-meta":"","astra-migrate-meta-layouts":"default","ast-page-background-enabled":"default","ast-page-background-meta":{"desktop":{"background-color":"var(--ast-global-color-5)","background-image":"","background-repeat":"repeat","background-position":"center center","background-size":"auto","background-attachment":"scroll","background-type":"","background-media":"","overlay-type":"","overlay-color":"","overlay-opacity":"","overlay-gradient":""},"tablet":{"background-color":"","background-image":"","background-repeat":"repeat","background-position":"center center","background-size":"auto","background-attachment":"scroll","background-type":"","background-media":"","overlay-type":"","overlay-color":"","overlay-opacity":"","overlay-gradient":""},"mobile":{"background-color":"","background-image":"","background-repeat":"repeat","background-position":"center center","background-size":"auto","background-attachment":"scroll","background-type":"","background-media":"","overlay-type":"","overlay-color":"","overlay-opacity":"","overlay-gradient":""}},"ast-content-background-meta":{"desktop":{"background-color":"var(--ast-global-color-4)","background-image":"","background-repeat":"repeat","background-position":"center center","background-size":"auto","background-attachment":"scroll","background-type":"","background-media":"","overlay-type":"","overlay-color":"","overlay-opacity":"","overlay-gradient":""},"tablet":{"background-color":"var(--ast-global-color-4)","background-image":"","background-repeat":"repeat","background-position":"center center","background-size":"auto","background-attachment":"scroll","background-type":"","background-media":"","overlay-type":"","overlay-color":"","overlay-opacity":"","overlay-gradient":""},"mobile":{"background-color":"var(--ast-global-color-4)","background-image":"","background-repeat":"repeat","background-position":"center center","background-size":"auto","background-attachment":"scroll","background-type":"","background-media":"","overlay-type":"","overlay-color":"","overlay-opacity":"","overlay-gradient":""}},"footnotes":""},"class_list":["post-198","page","type-page","status-publish","hentry"],"yoast_head":"<!-- This site is optimized with the Yoast SEO plugin v27.4 - https:\/\/yoast.com\/product\/yoast-seo-wordpress\/ -->\n<title>Conditions G\u00e9n\u00e9rales d&#039;Utilisation - OPMS<\/title>\n<meta name=\"robots\" content=\"index, follow, max-snippet:-1, max-image-preview:large, max-video-preview:-1\" \/>\n<link rel=\"canonical\" href=\"https:\/\/opms.ovh\/index.php\/conditions-generales-dutilisation\/\" \/>\n<meta property=\"og:locale\" content=\"en_US\" \/>\n<meta property=\"og:type\" content=\"article\" \/>\n<meta property=\"og:title\" content=\"Conditions G\u00e9n\u00e9rales d&#039;Utilisation - OPMS\" \/>\n<meta property=\"og:description\" content=\"Conditions G\u00e9n\u00e9rales d&#8217;Utilisation (CGU) Date de derni\u00e8re mise \u00e0 jour : 7 juin 2025. Bienvenue sur le site\u00a0opms.ovh\u00a0(ci-apr\u00e8s le \u00ab [&hellip;]\" \/>\n<meta property=\"og:url\" content=\"https:\/\/opms.ovh\/index.php\/conditions-generales-dutilisation\/\" \/>\n<meta property=\"og:site_name\" content=\"OPMS\" \/>\n<meta property=\"article:modified_time\" content=\"2025-08-19T14:33:43+00:00\" \/>\n<meta name=\"twitter:card\" content=\"summary_large_image\" \/>\n<meta name=\"twitter:label1\" content=\"Est. reading time\" \/>\n\t<meta name=\"twitter:data1\" content=\"2 minutes\" \/>\n<script type=\"application\/ld+json\" class=\"yoast-schema-graph\">{\"@context\":\"https:\\\/\\\/schema.org\",\"@graph\":[{\"@type\":\"WebPage\",\"@id\":\"https:\\\/\\\/opms.ovh\\\/index.php\\\/conditions-generales-dutilisation\\\/\",\"url\":\"https:\\\/\\\/opms.ovh\\\/index.php\\\/conditions-generales-dutilisation\\\/\",\"name\":\"Conditions G\u00e9n\u00e9rales d'Utilisation - OPMS\",\"isPartOf\":{\"@id\":\"https:\\\/\\\/opms.ovh\\\/#website\"},\"datePublished\":\"2025-06-07T20:10:02+00:00\",\"dateModified\":\"2025-08-19T14:33:43+00:00\",\"breadcrumb\":{\"@id\":\"https:\\\/\\\/opms.ovh\\\/index.php\\\/conditions-generales-dutilisation\\\/#breadcrumb\"},\"inLanguage\":\"en-US\",\"potentialAction\":[{\"@type\":\"ReadAction\",\"target\":[\"https:\\\/\\\/opms.ovh\\\/index.php\\\/conditions-generales-dutilisation\\\/\"]}]},{\"@type\":\"BreadcrumbList\",\"@id\":\"https:\\\/\\\/opms.ovh\\\/index.php\\\/conditions-generales-dutilisation\\\/#breadcrumb\",\"itemListElement\":[{\"@type\":\"ListItem\",\"position\":1,\"name\":\"Accueil\",\"item\":\"https:\\\/\\\/opms.ovh\\\/\"},{\"@type\":\"ListItem\",\"position\":2,\"name\":\"Conditions G\u00e9n\u00e9rales d&rsquo;Utilisation\"}]},{\"@type\":\"WebSite\",\"@id\":\"https:\\\/\\\/opms.ovh\\\/#website\",\"url\":\"https:\\\/\\\/opms.ovh\\\/\",\"name\":\"OPMS\",\"description\":\"Vos prestations en un clic\",\"publisher\":{\"@id\":\"https:\\\/\\\/opms.ovh\\\/#organization\"},\"potentialAction\":[{\"@type\":\"SearchAction\",\"target\":{\"@type\":\"EntryPoint\",\"urlTemplate\":\"https:\\\/\\\/opms.ovh\\\/?s={search_term_string}\"},\"query-input\":{\"@type\":\"PropertyValueSpecification\",\"valueRequired\":true,\"valueName\":\"search_term_string\"}}],\"inLanguage\":\"en-US\"},{\"@type\":\"Organization\",\"@id\":\"https:\\\/\\\/opms.ovh\\\/#organization\",\"name\":\"OPMS\",\"url\":\"https:\\\/\\\/opms.ovh\\\/\",\"logo\":{\"@type\":\"ImageObject\",\"inLanguage\":\"en-US\",\"@id\":\"https:\\\/\\\/opms.ovh\\\/#\\\/schema\\\/logo\\\/image\\\/\",\"url\":\"https:\\\/\\\/opms.ovh\\\/wp-content\\\/uploads\\\/2025\\\/05\\\/logo-pour-accueil-site-OPMS.webp\",\"contentUrl\":\"https:\\\/\\\/opms.ovh\\\/wp-content\\\/uploads\\\/2025\\\/05\\\/logo-pour-accueil-site-OPMS.webp\",\"width\":200,\"height\":100,\"caption\":\"OPMS\"},\"image\":{\"@id\":\"https:\\\/\\\/opms.ovh\\\/#\\\/schema\\\/logo\\\/image\\\/\"}}]}<\/script>\n<!-- \/ Yoast SEO plugin. -->","yoast_head_json":{"title":"Conditions G\u00e9n\u00e9rales d'Utilisation - OPMS","robots":{"index":"index","follow":"follow","max-snippet":"max-snippet:-1","max-image-preview":"max-image-preview:large","max-video-preview":"max-video-preview:-1"},"canonical":"https:\/\/opms.ovh\/index.php\/conditions-generales-dutilisation\/","og_locale":"en_US","og_type":"article","og_title":"Conditions G\u00e9n\u00e9rales d'Utilisation - OPMS","og_description":"Conditions G\u00e9n\u00e9rales d&#8217;Utilisation (CGU) Date de derni\u00e8re mise \u00e0 jour : 7 juin 2025. Bienvenue sur le site\u00a0opms.ovh\u00a0(ci-apr\u00e8s le \u00ab [&hellip;]","og_url":"https:\/\/opms.ovh\/index.php\/conditions-generales-dutilisation\/","og_site_name":"OPMS","article_modified_time":"2025-08-19T14:33:43+00:00","twitter_card":"summary_large_image","twitter_misc":{"Est. reading time":"2 minutes"},"schema":{"@context":"https:\/\/schema.org","@graph":[{"@type":"WebPage","@id":"https:\/\/opms.ovh\/index.php\/conditions-generales-dutilisation\/","url":"https:\/\/opms.ovh\/index.php\/conditions-generales-dutilisation\/","name":"Conditions G\u00e9n\u00e9rales d'Utilisation - OPMS","isPartOf":{"@id":"https:\/\/opms.ovh\/#website"},"datePublished":"2025-06-07T20:10:02+00:00","dateModified":"2025-08-19T14:33:43+00:00","breadcrumb":{"@id":"https:\/\/opms.ovh\/index.php\/conditions-generales-dutilisation\/#breadcrumb"},"inLanguage":"en-US","potentialAction":[{"@type":"ReadAction","target":["https:\/\/opms.ovh\/index.php\/conditions-generales-dutilisation\/"]}]},{"@type":"BreadcrumbList","@id":"https:\/\/opms.ovh\/index.php\/conditions-generales-dutilisation\/#breadcrumb","itemListElement":[{"@type":"ListItem","position":1,"name":"Accueil","item":"https:\/\/opms.ovh\/"},{"@type":"ListItem","position":2,"name":"Conditions G\u00e9n\u00e9rales d&rsquo;Utilisation"}]},{"@type":"WebSite","@id":"https:\/\/opms.ovh\/#website","url":"https:\/\/opms.ovh\/","name":"OPMS","description":"Vos prestations en un clic","publisher":{"@id":"https:\/\/opms.ovh\/#organization"},"potentialAction":[{"@type":"SearchAction","target":{"@type":"EntryPoint","urlTemplate":"https:\/\/opms.ovh\/?s={search_term_string}"},"query-input":{"@type":"PropertyValueSpecification","valueRequired":true,"valueName":"search_term_string"}}],"inLanguage":"en-US"},{"@type":"Organization","@id":"https:\/\/opms.ovh\/#organization","name":"OPMS","url":"https:\/\/opms.ovh\/","logo":{"@type":"ImageObject","inLanguage":"en-US","@id":"https:\/\/opms.ovh\/#\/schema\/logo\/image\/","url":"https:\/\/opms.ovh\/wp-content\/uploads\/2025\/05\/logo-pour-accueil-site-OPMS.webp","contentUrl":"https:\/\/opms.ovh\/wp-content\/uploads\/2025\/05\/logo-pour-accueil-site-OPMS.webp","width":200,"height":100,"caption":"OPMS"},"image":{"@id":"https:\/\/opms.ovh\/#\/schema\/logo\/image\/"}}]}},"_links":{"self":[{"href":"https:\/\/opms.ovh\/index.php\/wp-json\/wp\/v2\/pages\/198","targetHints":{"allow":["GET"]}}],"collection":[{"href":"https:\/\/opms.ovh\/index.php\/wp-json\/wp\/v2\/pages"}],"about":[{"href":"https:\/\/opms.ovh\/index.php\/wp-json\/wp\/v2\/types\/page"}],"author":[{"embeddable":true,"href":"https:\/\/opms.ovh\/index.php\/wp-json\/wp\/v2\/users\/1"}],"replies":[{"embeddable":true,"href":"https:\/\/opms.ovh\/index.php\/wp-json\/wp\/v2\/comments?post=198"}],"version-history":[{"count":8,"href":"https:\/\/opms.ovh\/index.php\/wp-json\/wp\/v2\/pages\/198\/revisions"}],"predecessor-version":[{"id":722,"href":"https:\/\/opms.ovh\/index.php\/wp-json\/wp\/v2\/pages\/198\/revisions\/722"}],"wp:attachment":[{"href":"https:\/\/opms.ovh\/index.php\/wp-json\/wp\/v2\/media?parent=198"}],"curies":[{"name":"wp","href":"https:\/\/api.w.org\/{rel}","templated":true}]}}